{"id":6067,"date":"2023-05-24T15:46:59","date_gmt":"2023-05-24T15:46:59","guid":{"rendered":"https:\/\/xn--ammagroup-z2b.com.tr\/?page_id=6067"},"modified":"2025-08-13T12:49:10","modified_gmt":"2025-08-13T12:49:10","slug":"%d8%aa%d9%88%d8%a7%d8%b5%d9%84-%d9%85%d8%b9%d9%86%d8%a7","status":"publish","type":"page","link":"https:\/\/sammagroup.com.tr\/en\/%d8%aa%d9%88%d8%a7%d8%b5%d9%84-%d9%85%d8%b9%d9%86%d8%a7\/","title":{"rendered":"Contact Us"},"content":{"rendered":"<div data-elementor-type=\"wp-page\" data-elementor-id=\"6067\" class=\"elementor elementor-6067\" data-elementor-post-type=\"page\">\n\t\t\t\t\t\t<section class=\"elementor-section elementor-top-section elementor-element elementor-element-11a70cb elementor-section-content-middle elementor-hidden-desktop elementor-hidden-tablet elementor-hidden-mobile elementor-section-boxed elementor-section-height-default elementor-section-height-default\" data-id=\"11a70cb\" data-element_type=\"section\" data-settings=\"{&quot;background_background&quot;:&quot;classic&quot;}\">\n\t\t\t\t\t\t<div class=\"elementor-container elementor-column-gap-no\">\n\t\t\t\t\t<div class=\"elementor-column elementor-col-50 elementor-top-column elementor-element elementor-element-b5c76dd\" data-id=\"b5c76dd\" data-element_type=\"column\">\n\t\t\t<div class=\"elementor-widget-wrap elementor-element-populated\">\n\t\t\t\t\t\t<div class=\"elementor-element elementor-element-29354f1 toggle-contact elementor-view-default elementor-widget elementor-widget-icon\" data-id=\"29354f1\" data-element_type=\"widget\" data-widget_type=\"icon.default\">\n\t\t\t\t<div class=\"elementor-widget-container\">\n\t\t\t\t\t\t\t<div class=\"elementor-icon-wrapper\">\n\t\t\t<div class=\"elementor-icon\">\n\t\t\t<i aria-hidden=\"true\" class=\"fas fa-plus-circle\"><\/i>\t\t\t<\/div>\n\t\t<\/div>\n\t\t\t\t\t\t<\/div>\n\t\t\t\t<\/div>\n\t\t\t\t<div class=\"elementor-element elementor-element-036cff3 apr-cf7-button-right apr-cf7-style-box elementor-widget elementor-widget-Apr_Contact_Form\" data-id=\"036cff3\" data-element_type=\"widget\" data-widget_type=\"Apr_Contact_Form.default\">\n\t\t\t\t<div class=\"elementor-widget-container\">\n\t\t\t\t\t\t\t\t\t<div class=\"apr-cf7 apr-cf7-style elementor-clickable\">\n\t\t\t\t\t\t\t\t\t\t\t<h3 class=\"form-name\">Contact Us <img\n\t\t\t\t\t\t\t\tsrc=\"https:\/\/sample-data.arrowtheme.com\/arangi\/wp-content\/uploads\/2019\/04\/img-contact.png\" alt=\"\"><\/h3>\n\t\t\t\t\t\t\t\t\t\t\t\t\t\t\t\t<p class=\"form-info\">Shamma Group for Food Industries<\/p>\n\t\t\t\t\t\t\t\t\t\t\n<div class=\"wpcf7 no-js\" id=\"wpcf7-f1738-o1\" lang=\"en-US\" dir=\"ltr\" data-wpcf7-id=\"1738\">\n<div class=\"screen-reader-response\"><p role=\"status\" aria-live=\"polite\" aria-atomic=\"true\"><\/p> <ul><\/ul><\/div>\n<form action=\"\/en\/wp-json\/wp\/v2\/pages\/6067#wpcf7-f1738-o1\" method=\"post\" class=\"wpcf7-form init\" aria-label=\"Contact form\" novalidate=\"novalidate\" data-status=\"init\" data-trp-original-action=\"\/en\/wp-json\/wp\/v2\/pages\/6067#wpcf7-f1738-o1\">\n<div style=\"display: none;\">\n<input type=\"hidden\" name=\"_wpcf7\" value=\"1738\" \/>\n<input type=\"hidden\" name=\"_wpcf7_version\" value=\"6.0.2\" \/>\n<input type=\"hidden\" name=\"_wpcf7_locale\" value=\"en_US\" \/>\n<input type=\"hidden\" name=\"_wpcf7_unit_tag\" value=\"wpcf7-f1738-o1\" \/>\n<input type=\"hidden\" name=\"_wpcf7_container_post\" value=\"0\" \/>\n<input type=\"hidden\" name=\"_wpcf7_posted_data_hash\" value=\"\" \/>\n<\/div>\n<p><span class=\"wpcf7-form-control-wrap\" data-name=\"your-name\"><input size=\"40\" maxlength=\"400\" class=\"wpcf7-form-control wpcf7-text wpcf7-validates-as-required\" aria-required=\"true\" aria-invalid=\"false\" placeholder=\"Full Name\" value=\"\" type=\"text\" name=\"your-name\" \/><\/span>\n<\/p>\n<p><span class=\"wpcf7-form-control-wrap\" data-name=\"your-email\"><input size=\"40\" maxlength=\"400\" class=\"wpcf7-form-control wpcf7-email wpcf7-validates-as-required wpcf7-text wpcf7-validates-as-email\" aria-required=\"true\" aria-invalid=\"false\" placeholder=\"E-mail Address\" value=\"\" type=\"email\" name=\"your-email\" \/><\/span>\n<\/p>\n<p><span class=\"wpcf7-form-control-wrap\" data-name=\"your-message\"><textarea cols=\"40\" rows=\"10\" maxlength=\"2000\" class=\"wpcf7-form-control wpcf7-textarea\" aria-invalid=\"false\" placeholder=\"Leave your message\" name=\"your-message\"><\/textarea><\/span>\n<\/p>\n<p><input class=\"wpcf7-form-control wpcf7-submit has-spinner\" type=\"submit\" value=\"Send message\" \/>\n<\/p><div class=\"wpcf7-response-output\" aria-hidden=\"true\"><\/div>\n<input type=\"hidden\" name=\"trp-form-language\" value=\"en\"\/><\/form>\n<\/div>\n\t\t\t\t<\/div>\n\t\t\t\t\t\t\t\t<\/div>\n\t\t\t\t<\/div>\n\t\t\t\t<div class=\"elementor-element elementor-element-9939576 humburger-content contact-info elementor-widget elementor-widget-wp-widget-tm-contact-widget\" data-id=\"9939576\" data-element_type=\"widget\" data-widget_type=\"wp-widget-tm-contact-widget.default\">\n\t\t\t\t<div class=\"elementor-widget-container\">\n\t\t\t\t\t<div class=\"tm-contact-widget\"><h5>Welcome To Shamma Group<\/h5>\t\t\t\t<p class=\"title-desc\">\n\t\t\t\t\tDo you have any questions?\t\t\t\t<\/p>\n\t\t\t\t<ul class=\"list-info-contact\">\t\t\t\t<li class=\"info-phone\">\n\t\t\t\t\t<span>Phone: <\/span><i class=\"icon icon-cell-phone\"><\/i>\n\t\t\t\t\t<div class=\"info-content\">\n\t\t\t\t\t\t<a href=\"tel: 905312987735\">+905312987735<\/a>\t\t\t\t\t<\/div>\n\t\t\t\t<\/li>\n\t\t\t\t\t\t\t\t<li class=\"info-address\">\n\t\t\t\t\t<span>Address: <\/span><i class=\"ti-location-pin\"><\/i>\n\t\t\t\t\t<div class=\"info-content\">\n\t\t\t\t\t\t<p>b\u00fcy\u00fckt\u00fcys\u00fcz mah. \u015fehit \u00f6mer halisdemir cad. isgem osmaniye No: 1 \/ 1 i\u00e7 kap\u0131 No: 4. T\u00fcrkmen belediyesi \/ toprakkale\u00a0\/\u00a0osmaniye.<\/p>\t\t\t\t\t<\/div>\n\t\t\t\t<\/li>\n\t\t\t\t\t\t\t\t<li class=\"info-mail\">\n\t\t\t\t\t<span>Email: <\/span><i class=\"ti-email\"><\/i>\n\t\t\t\t\t<div class=\"info-content\">\n\t\t\t\t\t\t<a href=\"mailto:info@\u015fammagroup.com.tr\">info@\u015fammagroup.com.tr<\/a>\t\t\t\t\t<\/div>\n\t\t\t\t<\/li>\n\t\t\t\t<\/ul><\/div>\t\t\t\t<\/div>\n\t\t\t\t<\/div>\n\t\t\t\t\t<\/div>\n\t\t<\/div>\n\t\t\t\t<div class=\"elementor-column elementor-col-50 elementor-top-column elementor-element elementor-element-1d10bb0\" data-id=\"1d10bb0\" data-element_type=\"column\">\n\t\t\t<div class=\"elementor-widget-wrap elementor-element-populated\">\n\t\t\t\t\t\t<div class=\"elementor-element elementor-element-1f656ba elementor-widget elementor-widget-html\" data-id=\"1f656ba\" data-element_type=\"widget\" data-widget_type=\"html.default\">\n\t\t\t\t<div class=\"elementor-widget-container\">\n\t\t\t\t\t<iframe src=\"https:\/\/www.google.com\/maps\/embed?pb=!1m16!1m12!1m3!1d50959.84770491349!2d36.05798082642058!3d37.03387329679547!2m3!1f0!2f0!3f0!3m2!1i1024!2i768!4f13.1!2m1!1zYsO8ecO8a3TDvHlzw7x6IG1haC4gxZ9laGl0IMO2bWVyIGhhbGlzZGVtaXIgY2FkLiBpc2dlbSBvc21hbml5ZSBObzogMSAvIDEgacOnIGthcMSxIE5vOiA0LiBUw7xya21lbiBiZWxlZGl5ZXNpIC8gdG9wcmFra2FsZSAvIG9zbWFuaXll!5e0!3m2!1sen!2seg!4v1686909282522!5m2!1sen!2seg\" width=\"600\" height=\"450\" style=\"border:0;\" allowfullscreen=\"\" loading=\"lazy\" referrerpolicy=\"no-referrer-when-downgrade\"><\/iframe>\t\t\t\t<\/div>\n\t\t\t\t<\/div>\n\t\t\t\t\t<\/div>\n\t\t<\/div>\n\t\t\t\t\t<\/div>\n\t\t<\/section>\n\t\t\t\t<section class=\"elementor-section elementor-top-section elementor-element elementor-element-31b9961 elementor-section-boxed elementor-section-height-default elementor-section-height-default\" data-id=\"31b9961\" data-element_type=\"section\" data-settings=\"{&quot;background_background&quot;:&quot;classic&quot;}\">\n\t\t\t\t\t\t<div class=\"elementor-container elementor-column-gap-default\">\n\t\t\t\t\t<div class=\"elementor-column elementor-col-50 elementor-top-column elementor-element elementor-element-00d8af5\" data-id=\"00d8af5\" data-element_type=\"column\">\n\t\t\t<div class=\"elementor-widget-wrap elementor-element-populated\">\n\t\t\t\t\t\t<div class=\"elementor-element elementor-element-73724d5 humburger-content elementor-widget elementor-widget-wp-widget-tm-contact-widget\" data-id=\"73724d5\" data-element_type=\"widget\" data-widget_type=\"wp-widget-tm-contact-widget.default\">\n\t\t\t\t<div class=\"elementor-widget-container\">\n\t\t\t\t\t<div class=\"tm-contact-widget\"><h5>Welcome To Shamma Group<\/h5>\t\t\t\t<p class=\"title-desc\">\n\t\t\t\t\tDo you have any questions?\t\t\t\t<\/p>\n\t\t\t\t<ul class=\"list-info-contact\">\t\t\t\t<li class=\"info-phone\">\n\t\t\t\t\t<span>Phone: <\/span><i class=\"icon icon-cell-phone\"><\/i>\n\t\t\t\t\t<div class=\"info-content\">\n\t\t\t\t\t\t<a href=\"tel:  905312987735\"> +905312987735<\/a>\t\t\t\t\t<\/div>\n\t\t\t\t<\/li>\n\t\t\t\t\t\t\t\t<li class=\"info-address\">\n\t\t\t\t\t<span>Address: <\/span><i class=\"ti-location-pin\"><\/i>\n\t\t\t\t\t<div class=\"info-content\">\n\t\t\t\t\t\t<p>New industrial zone - Latakia - Syria<\/p>\t\t\t\t\t<\/div>\n\t\t\t\t<\/li>\n\t\t\t\t\t\t\t\t<li class=\"info-mail\">\n\t\t\t\t\t<span>Email: <\/span><i class=\"ti-email\"><\/i>\n\t\t\t\t\t<div class=\"info-content\">\n\t\t\t\t\t\t<a href=\"mailto: info@\u015fammagroup.com.tr\"> info@\u015fammagroup.com.tr<\/a>\t\t\t\t\t<\/div>\n\t\t\t\t<\/li>\n\t\t\t\t<\/ul><\/div>\t\t\t\t<\/div>\n\t\t\t\t<\/div>\n\t\t\t\t\t<\/div>\n\t\t<\/div>\n\t\t\t\t<div class=\"elementor-column elementor-col-50 elementor-top-column elementor-element elementor-element-c74b8d2\" data-id=\"c74b8d2\" data-element_type=\"column\">\n\t\t\t<div class=\"elementor-widget-wrap elementor-element-populated\">\n\t\t\t\t\t\t<div class=\"elementor-element elementor-element-a37fe73 apr-cf7-button-right apr-cf7-style-box elementor-widget elementor-widget-Apr_Contact_Form\" data-id=\"a37fe73\" data-element_type=\"widget\" data-widget_type=\"Apr_Contact_Form.default\">\n\t\t\t\t<div class=\"elementor-widget-container\">\n\t\t\t\t\t\t\t\t\t<div class=\"apr-cf7 apr-cf7-style elementor-clickable\">\n\t\t\t\t\t\t\t\t\t\t\t<h3 class=\"form-name\">Contact Us <img\n\t\t\t\t\t\t\t\tsrc=\"https:\/\/sample-data.arrowtheme.com\/arangi\/wp-content\/uploads\/2019\/04\/img-contact.png\" alt=\"\"><\/h3>\n\t\t\t\t\t\t\t\t\t\t\t\t\t\t\t\t<p class=\"form-info\">Shamma Group for Food Industries<\/p>\n\t\t\t\t\t\t\t\t\t\t\n<div class=\"wpcf7 no-js\" id=\"wpcf7-f1738-o2\" lang=\"en-US\" dir=\"ltr\" data-wpcf7-id=\"1738\">\n<div class=\"screen-reader-response\"><p role=\"status\" aria-live=\"polite\" aria-atomic=\"true\"><\/p> <ul><\/ul><\/div>\n<form action=\"\/en\/wp-json\/wp\/v2\/pages\/6067#wpcf7-f1738-o2\" method=\"post\" class=\"wpcf7-form init\" aria-label=\"Contact form\" novalidate=\"novalidate\" data-status=\"init\" data-trp-original-action=\"\/en\/wp-json\/wp\/v2\/pages\/6067#wpcf7-f1738-o2\">\n<div style=\"display: none;\">\n<input type=\"hidden\" name=\"_wpcf7\" value=\"1738\" \/>\n<input type=\"hidden\" name=\"_wpcf7_version\" value=\"6.0.2\" \/>\n<input type=\"hidden\" name=\"_wpcf7_locale\" value=\"en_US\" \/>\n<input type=\"hidden\" name=\"_wpcf7_unit_tag\" value=\"wpcf7-f1738-o2\" \/>\n<input type=\"hidden\" name=\"_wpcf7_container_post\" value=\"0\" \/>\n<input type=\"hidden\" name=\"_wpcf7_posted_data_hash\" value=\"\" \/>\n<\/div>\n<p><span class=\"wpcf7-form-control-wrap\" data-name=\"your-name\"><input size=\"40\" maxlength=\"400\" class=\"wpcf7-form-control wpcf7-text wpcf7-validates-as-required\" aria-required=\"true\" aria-invalid=\"false\" placeholder=\"Full Name\" value=\"\" type=\"text\" name=\"your-name\" \/><\/span>\n<\/p>\n<p><span class=\"wpcf7-form-control-wrap\" data-name=\"your-email\"><input size=\"40\" maxlength=\"400\" class=\"wpcf7-form-control wpcf7-email wpcf7-validates-as-required wpcf7-text wpcf7-validates-as-email\" aria-required=\"true\" aria-invalid=\"false\" placeholder=\"E-mail Address\" value=\"\" type=\"email\" name=\"your-email\" \/><\/span>\n<\/p>\n<p><span class=\"wpcf7-form-control-wrap\" data-name=\"your-message\"><textarea cols=\"40\" rows=\"10\" maxlength=\"2000\" class=\"wpcf7-form-control wpcf7-textarea\" aria-invalid=\"false\" placeholder=\"Leave your message\" name=\"your-message\"><\/textarea><\/span>\n<\/p>\n<p><input class=\"wpcf7-form-control wpcf7-submit has-spinner\" type=\"submit\" value=\"Send message\" \/>\n<\/p><div class=\"wpcf7-response-output\" aria-hidden=\"true\"><\/div>\n<input type=\"hidden\" name=\"trp-form-language\" value=\"en\"\/><\/form>\n<\/div>\n\t\t\t\t<\/div>\n\t\t\t\t\t\t\t\t<\/div>\n\t\t\t\t<\/div>\n\t\t\t\t\t<\/div>\n\t\t<\/div>\n\t\t\t\t\t<\/div>\n\t\t<\/section>\n\t\t\t\t<section class=\"elementor-section elementor-top-section elementor-element elementor-element-1602226 elementor-section-boxed elementor-section-height-default elementor-section-height-default\" data-id=\"1602226\" data-element_type=\"section\">\n\t\t\t\t\t\t<div class=\"elementor-container elementor-column-gap-default\">\n\t\t\t\t\t<div class=\"elementor-column elementor-col-100 elementor-top-column elementor-element elementor-element-643b947\" data-id=\"643b947\" data-element_type=\"column\">\n\t\t\t<div class=\"elementor-widget-wrap elementor-element-populated\">\n\t\t\t\t\t\t<div class=\"elementor-element elementor-element-bf7dc41 elementor-widget elementor-widget-html\" data-id=\"bf7dc41\" data-element_type=\"widget\" data-widget_type=\"html.default\">\n\t\t\t\t<div class=\"elementor-widget-container\">\n\t\t\t\t\t<iframe src=\"https:\/\/www.google.com\/maps\/embed?pb=!1m18!1m12!1m3!1d406948.94055494945!2d37.01128351833769!3d37.16961190845588!2m3!1f0!2f0!3f0!3m2!1i1024!2i768!4f13.1!3m3!1m2!1s0x1531fd1f1915103f%3A0x6c571e492123af24!2zxZ5laGl0a2FtaWwvR2F6aWFudGVwLCBUw7xya2l5ZQ!5e0!3m2!1sen!2seg!4v1749030810378!5m2!1sen!2seg\" width=\"600\" height=\"450\" style=\"border:0;\" allowfullscreen=\"\" loading=\"lazy\" referrerpolicy=\"no-referrer-when-downgrade\"><\/iframe>\t\t\t\t<\/div>\n\t\t\t\t<\/div>\n\t\t\t\t\t<\/div>\n\t\t<\/div>\n\t\t\t\t\t<\/div>\n\t\t<\/section>\n\t\t\t\t<\/div>","protected":false},"excerpt":{"rendered":"<p>\u062a\u0648\u0627\u0635\u0644 \u0645\u0639\u0646\u0627 \u0634\u0631\u0643\u0629 \u0634\u0645\u0627 \u062c\u0631\u0648\u0628 \u0644\u0644\u0635\u0646\u0627\u0639\u0627\u062a \u0627\u0644\u063a\u0630\u0627\u0626\u064a\u0629 \u062a\u0648\u0627\u0635\u0644 \u0645\u0639\u0646\u0627 \u0634\u0631\u0643\u0629 \u0634\u0645\u0627 \u062c\u0631\u0648\u0628 \u0644\u0644\u0635\u0646\u0627\u0639\u0627\u062a \u0627\u0644\u063a\u0630\u0627\u0626\u064a\u0629<\/p>","protected":false},"author":1,"featured_media":0,"parent":0,"menu_order":0,"comment_status":"closed","ping_status":"closed","template":"","meta":{"footnotes":""},"class_list":["post-6067","page","type-page","status-publish","hentry"],"_links":{"self":[{"href":"https:\/\/sammagroup.com.tr\/en\/wp-json\/wp\/v2\/pages\/6067","targetHints":{"allow":["GET"]}}],"collection":[{"href":"https:\/\/sammagroup.com.tr\/en\/wp-json\/wp\/v2\/pages"}],"about":[{"href":"https:\/\/sammagroup.com.tr\/en\/wp-json\/wp\/v2\/types\/page"}],"author":[{"embeddable":true,"href":"https:\/\/sammagroup.com.tr\/en\/wp-json\/wp\/v2\/users\/1"}],"replies":[{"embeddable":true,"href":"https:\/\/sammagroup.com.tr\/en\/wp-json\/wp\/v2\/comments?post=6067"}],"version-history":[{"count":49,"href":"https:\/\/sammagroup.com.tr\/en\/wp-json\/wp\/v2\/pages\/6067\/revisions"}],"predecessor-version":[{"id":6376,"href":"https:\/\/sammagroup.com.tr\/en\/wp-json\/wp\/v2\/pages\/6067\/revisions\/6376"}],"wp:attachment":[{"href":"https:\/\/sammagroup.com.tr\/en\/wp-json\/wp\/v2\/media?parent=6067"}],"curies":[{"name":"wp","href":"https:\/\/api.w.org\/{rel}","templated":true}]}}